{"id":23101,"date":"2023-02-07T20:53:55","date_gmt":"2023-02-07T19:53:55","guid":{"rendered":"https:\/\/test.etnaway.com\/?page_id=23101"},"modified":"2023-02-07T21:00:11","modified_gmt":"2023-02-07T20:00:11","slug":"agb","status":"publish","type":"page","link":"https:\/\/test.etnaway.com\/de\/agb\/","title":{"rendered":"AGB"},"content":{"rendered":"<p>[et_pb_section fb_built=&#8220;1&#8243; _builder_version=&#8220;4.18.0&#8243; _module_preset=&#8220;default&#8220; background_color=&#8220;#1C1C1C&#8220; width=&#8220;100%&#8220; max_width=&#8220;100%&#8220; custom_margin=&#8220;0px||0px||true|false&#8220; custom_padding=&#8220;0px||0px||true|false&#8220; global_module=&#8220;17111&#8243; global_colors_info=&#8220;{}&#8220;][et_pb_row use_custom_gutter=&#8220;on&#8220; gutter_width=&#8220;1&#8243; make_equal=&#8220;on&#8220; admin_label=&#8220;Zeile&#8220; _builder_version=&#8220;4.17.6&#8243; _module_preset=&#8220;default&#8220; background_color=&#8220;#1C1C1C&#8220; width_tablet=&#8220;&#8220; width_phone=&#8220;95%&#8220; width_last_edited=&#8220;on|phone&#8220; max_width=&#8220;100%&#8220; module_alignment=&#8220;center&#8220; custom_margin=&#8220;0px||0px||true|false&#8220; custom_padding=&#8220;0px||5px||false|false&#8220; global_colors_info=&#8220;{}&#8220; width__hover_enabled=&#8220;off|desktop&#8220;][et_pb_column type=&#8220;4_4&#8243; _builder_version=&#8220;4.17.6&#8243; _module_preset=&#8220;default&#8220; global_colors_info=&#8220;{}&#8220;][lwp_divi_breadcrumbs link_color=&#8220;#FFFFFF&#8220; separator_color=&#8220;#FFFFFF&#8220; current_text_color=&#8220;#FFFFFF&#8220; _builder_version=&#8220;4.17.6&#8243; _module_preset=&#8220;default&#8220; module_text_align=&#8220;center&#8220; module_font_size=&#8220;0.9rem&#8220; module_line_height=&#8220;1rem&#8220; text_orientation=&#8220;center&#8220; custom_margin=&#8220;0px||0px||true|false&#8220; custom_padding=&#8220;0px||0px||true|false&#8220; global_colors_info=&#8220;{}&#8220;][\/lwp_divi_breadcrumbs][\/et_pb_column][\/et_pb_row][\/et_pb_section][et_pb_section fb_built=&#8220;1&#8243; admin_label=&#8220;section&#8220; _builder_version=&#8220;4.17.1&#8243; custom_padding=&#8220;1rem||1rem||true|false&#8220; global_colors_info=&#8220;{}&#8220;][et_pb_row admin_label=&#8220;row&#8220; _builder_version=&#8220;4.17.1&#8243; background_size=&#8220;initial&#8220; background_position=&#8220;top_left&#8220; background_repeat=&#8220;repeat&#8220; custom_padding=&#8220;1rem||1rem||true|false&#8220; global_colors_info=&#8220;{}&#8220;][et_pb_column type=&#8220;4_4&#8243; _builder_version=&#8220;4.16&#8243; custom_padding=&#8220;|||&#8220; global_colors_info=&#8220;{}&#8220; custom_padding__hover=&#8220;|||&#8220;][et_pb_text admin_label=&#8220;Text&#8220; _builder_version=&#8220;4.19.5&#8243; background_size=&#8220;initial&#8220; background_position=&#8220;top_left&#8220; background_repeat=&#8220;repeat&#8220; global_colors_info=&#8220;{}&#8220;]<\/p>\n<h1><span>Allgemeine Bestimmungen f\u00fcr Vertr\u00e4ge \u00fcber den Verkauf von einzelnen Touristischen Dienstleistungen<\/span><\/h1>\n<p><span>Vertr\u00e4ge, die nur eine Fahrdienstleistung, nur eine Bef\u00f6rderungsdienstleistung, nur eine Unterkunftsdienstleistung oder eine andere gesonderte touristische Dienstleistung zum Gegenstand haben, die nicht als ausgehandelter Fall einer Reiseorganisation oder einer touristischen Pauschalreise konfiguriert werden k\u00f6nnen, genie\u00dfen nicht den Schutz, den die Europ\u00e4ische Richtlinie 2015\/2302 f\u00fcr Reisende vorsieht, mit Ausnahme derjenigen, die sich auf folgende Punkte beziehen: Buchungen, Zahlungen, Verpflichtungen des Kunden, R\u00fccktritt des Kunden, vom Kunden gew\u00fcnschte \u00c4nderungen, Ausfl\u00fcge und Tagestouren, Haftung und Haftungsausschluss, Gerichtsbarkeit.<\/span><br \/><span> <\/span><br \/><strong>01. AUSFL\u00dcGE UND TAGESTOUREN<br \/><\/strong><span style=\"font-size: 18px;\">Alle Ausfl\u00fcge und Tagestouren von EtnaWay &#8211; Legendary Sicily S.r.l. sind abh\u00e4ngig von der Verf\u00fcgbarkeit. Die Mindestteilnehmerzahl f\u00fcr jede Tour betr\u00e4gt 4 Personen. Falls die Mindestteilnehmerzahl nicht erreicht wird, k\u00f6nnen die Ausfl\u00fcge und Touren ge\u00e4ndert oder abgesagt werden. Die Touren k\u00f6nnen auch aufgrund von Wetterbedingungen und\/oder vulkanologischen Gegebenheiten ge\u00e4ndert oder abgesagt werden. Sollte der Kunde mehr als 20 Minuten nach der vereinbarten Zeit nicht zum Termin erscheinen, wird die Buchung als &#8222;No-Show&#8220; betrachtet und es kann keine R\u00fcckerstattung erfolgen. Der Veranstalter kann nach eigenem Ermessen bis zum Beginn der Exkursion sowohl die Reiseroute als auch die Dauer der Exkursion in Abh\u00e4ngigkeit von den Wetterbedingungen und anderen Faktoren, die die Tour beeintr\u00e4chtigen k\u00f6nnten, \u00e4ndern. Im Falle der Ablehnung der angebotenen anderen Dienstleistung kann der Kunde nur eine R\u00fcckerstattung des gezahlten Preises erhalten, jede andere Form der Entsch\u00e4digung ist ausgeschlossen.<\/span><\/p>\n<p><strong>02. HAFTUNG UND VERZICHT<\/strong><br \/><span>Die Teilnehmer an Ausfl\u00fcgen oder anderen Aktivit\u00e4ten sind verpflichtet, den Anweisungen der Reiseleiter und F\u00fchrer Folge zu leisten und sich nicht von der Gruppe zu entfernen. Die Organisatoren und F\u00fchrer haften nicht f\u00fcr Personen- und\/oder Sachsch\u00e4den, die von einem Teilnehmer verursacht werden, der die erhaltenen Anweisungen nicht befolgt oder sich nicht an die Regeln des guten Benehmens gehalten hat. Der Fremdenf\u00fchrer kann nach eigenem Ermessen entscheiden, den Ausflug oder die Aktivit\u00e4t zu unterbrechen, wenn er dies zu seiner eigenen Sicherheit oder der Sicherheit anderer f\u00fcr notwendig h\u00e4lt, um jederzeit ein H\u00f6chstma\u00df an Sicherheit zu gew\u00e4hrleisten. Der Teilnehmer erkl\u00e4rt auf eigene Verantwortung, dass er im Voraus \u00fcber die Merkmale und Schwierigkeiten der Exkursion informiert wurde und dass er sich in einem f\u00fcr die Exkursion geeigneten psychophysischen Zustand befindet. Er\/sie erkl\u00e4rt au\u00dferdem, dass er\/sie mit dem vorgeschlagenen Programm einverstanden ist und \u00fcber die geeignete und\/oder empfohlene Ausr\u00fcstung verf\u00fcgt. Bei der Teilnahme von Minderj\u00e4hrigen an Ausfl\u00fcgen\/Aktivit\u00e4ten m\u00fcssen die Erziehungsberechtigten eine Erkl\u00e4rung abgeben, in der sie die Verantwortung f\u00fcr die sportliche\/freizeitliche Aktivit\u00e4t und die psychophysische Integrit\u00e4t des Minderj\u00e4hrigen \u00fcbernehmen. Teilnehmer, die an Allergien, Unvertr\u00e4glichkeiten oder anderen gesundheitlichen Problemen leiden, m\u00fcssen den Veranstalter und die Reiseleiter im Voraus informieren und pers\u00f6nliche Medikamente mitnehmen. Es ist verboten, w\u00e4hrend der Ausfl\u00fcge zu rauchen sowie gef\u00e4hrliche G\u00fcter, Waffen oder Drogen mitzuf\u00fchren. Der Teilnehmer ist sich der Risiken und Gefahren bewusst, die mit Ausfl\u00fcgen und Aktivit\u00e4ten in der Natur verbunden sind, und \u00fcbernimmt die Verantwortung f\u00fcr alle Sch\u00e4den, die er durch unvorsichtiges und gef\u00e4hrliches Verhalten direkt oder indirekt anderen Personen und\/oder Sachen zuf\u00fcgen kann. <\/span><br \/><span>Alle Wanderungen\/Aktivit\u00e4ten sind durch eine Versicherung abgedeckt. Die Versicherung deckt keine Sch\u00e4den an Personen, Dritten oder Sachen, wenn diese auf fahrl\u00e4ssiges, unvorsichtiges Verhalten und Missachtung der Grundregeln der Sicherheit und des guten Benehmens zur\u00fcckzuf\u00fchren sind. EtnaWay &#8211; Legendary Sicily S.r.l. haftet nicht f\u00fcr Sch\u00e4den an Personen, Dritten oder Sachen, die in den Unterk\u00fcnften entstehen, die nicht ihr Eigentum sind. In diesem Fall ist es Sache des Teilnehmers, die Versicherungsbedingungen der gew\u00e4hlten Einrichtung zu pr\u00fcfen. <\/span><\/p>\n<p><strong>03. ZAHLUNGSMODALIT\u00c4TEN<\/strong><br \/><span>Die Bezahlung der einzelnen touristischen Leistungen muss in einer einzigen Zahlung an den Veranstalter mindestens sieben Tage im Voraus per Bank\u00fcberweisung oder per Kreditkarte (pos) erfolgen, die bei der Agentur des Veranstalters zu entrichten ist. Der Kunde kann erm\u00e4chtigt werden, die Zahlung in bar oder in Form von Kartenzahlung direkt an den Fahrer oder Reiseleiter zu leisten. <\/span><\/p>\n<p><strong>04. R\u00dcCKTRITT DURCH DEN KUNDEN<\/strong><br \/><span>Der Kunde ist berechtigt, von der einzelnen Dienstleistung nach Ma\u00dfgabe der folgenden Bestimmungen zur\u00fcckzutreten:<\/span><br \/><span>Hubschrauber: Bei einer Stornierung durch den Kunden weniger als 60 Tage vor dem Reisetermin fallen die folgenden Stornierungsgeb\u00fchren an:<\/span><br \/><span>&#8211; Nichterscheinen oder Stornierung innerhalb von 24 Stunden vor der Abfahrt: 100% des Preises <\/span><br \/><span>&#8211; Stornierung zwischen 24 und 72 Stunden vor der Abfahrt: 75%.<\/span><br \/><span>&#8211; Stornierung zwischen 72 Stunden und 7 Tagen vor der Abreise: 50%. <\/span><br \/><span>&#8211; Stornierung zwischen 7 und 14 Tagen vor der Abreise: 30%.<\/span><br \/><span>&#8211; Stornierung zwischen 14 und 59 Tagen vor der Abreise: 10%.<\/span><br \/><span>&#8211; Stornierung mehr als 60 Tage vor der Abreise: kostenlos<\/span><\/p>\n<p>[\/et_pb_text][\/et_pb_column][\/et_pb_row][\/et_pb_section]<\/p>\n","protected":false},"excerpt":{"rendered":"<p><div class=\"et_pb_module lwp_divi_breadcrumbs lwp_divi_breadcrumbs_0\">\n\t\t\t\t\n\t\t\t\t\n\t\t\t\t\n\t\t\t\t\n\t\t\t\t\n\t\t\t\t\n\t\t\t\t<div class=\"et_pb_module_inner\">\n\t\t\t\t\t<div class=\"lwp-breadcrumbs\"> <span class=\"before\"><\/span> <span vocab=\"https:\/\/schema.org\/\" typeof=\"BreadcrumbList\"><span property=\"itemListElement\" typeof=\"ListItem\"><a property=\"item\" typeof=\"WebPage\" href=\"https:\/\/test.etnaway.com\/de\/\" class=\"home\"><span property=\"name\">Home<\/span><\/a><meta property=\"position\" content=\"1\"><\/span> <span class=\"separator et-pb-icon\">&amp;#x39;<\/span> <\/span><\/div>\n\t\t\t\t<\/div>\n\t\t\t<\/div>Allgemeine Bestimmungen f\u00fcr Vertr\u00e4ge \u00fcber den Verkauf von einzelnen Touristischen Dienstleistungen Vertr\u00e4ge, die nur eine Fahrdienstleistung, nur eine Bef\u00f6rderungsdienstleistung, nur eine Unterkunftsdienstleistung oder eine andere gesonderte touristische Dienstleistung zum Gegenstand haben, die nicht als ausgehandelter Fall einer Reiseorganisation oder einer touristischen Pauschalreise konfiguriert [&hellip;]<\/p>\n","protected":false},"author":1,"featured_media":0,"parent":0,"menu_order":0,"comment_status":"closed","ping_status":"closed","template":"","meta":{"_et_pb_use_builder":"on","_et_pb_old_content":"","_et_gb_content_width":"","inline_featured_image":false,"_joinchat":[],"footnotes":""},"dipi_cpt_category":[],"class_list":["post-23101","page","type-page","status-publish","hentry"],"_links":{"self":[{"href":"https:\/\/test.etnaway.com\/de\/wp-json\/wp\/v2\/pages\/23101","targetHints":{"allow":["GET"]}}],"collection":[{"href":"https:\/\/test.etnaway.com\/de\/wp-json\/wp\/v2\/pages"}],"about":[{"href":"https:\/\/test.etnaway.com\/de\/wp-json\/wp\/v2\/types\/page"}],"author":[{"embeddable":true,"href":"https:\/\/test.etnaway.com\/de\/wp-json\/wp\/v2\/users\/1"}],"replies":[{"embeddable":true,"href":"https:\/\/test.etnaway.com\/de\/wp-json\/wp\/v2\/comments?post=23101"}],"version-history":[{"count":4,"href":"https:\/\/test.etnaway.com\/de\/wp-json\/wp\/v2\/pages\/23101\/revisions"}],"predecessor-version":[{"id":23105,"href":"https:\/\/test.etnaway.com\/de\/wp-json\/wp\/v2\/pages\/23101\/revisions\/23105"}],"wp:attachment":[{"href":"https:\/\/test.etnaway.com\/de\/wp-json\/wp\/v2\/media?parent=23101"}],"wp:term":[{"taxonomy":"dipi_cpt_category","embeddable":true,"href":"https:\/\/test.etnaway.com\/de\/wp-json\/wp\/v2\/dipi_cpt_category?post=23101"}],"curies":[{"name":"wp","href":"https:\/\/api.w.org\/{rel}","templated":true}]}}