{"id":24252,"date":"2023-03-05T20:41:43","date_gmt":"2023-03-05T19:41:43","guid":{"rendered":"https:\/\/test.etnaway.com\/?page_id=24252"},"modified":"2023-04-10T22:13:39","modified_gmt":"2023-04-10T20:13:39","slug":"flugzeug-transfer-sizilien","status":"publish","type":"page","link":"https:\/\/test.etnaway.com\/de\/flugzeug-transfer-sizilien\/","title":{"rendered":"Privatjet Transfer Sizilien"},"content":{"rendered":"<p>[et_pb_section fb_built=&#8220;1&#8243; fullwidth=&#8220;on&#8220; _builder_version=&#8220;4.20.0&#8243; _module_preset=&#8220;default&#8220; global_colors_info=&#8220;{}&#8220;][et_pb_fullwidth_slider use_bg_overlay=&#8220;off&#8220; use_text_overlay=&#8220;off&#8220; _builder_version=&#8220;4.20.2&#8243; _module_preset=&#8220;default&#8220; header_font=&#8220;|600|||||||&#8220; auto=&#8220;on&#8220; custom_css_slide_button=&#8220;background:rgba(0,0,0,0.65)&#8220; global_colors_info=&#8220;{}&#8220;][et_pb_slide heading=&#8220;Flugzeug Transfer Sizilien&#8220; button_text=&#8220;Direkt zur Buchung&#8220; button_link=&#8220;#buchung&#8220; use_bg_overlay=&#8220;off&#8220; use_text_overlay=&#8220;off&#8220; _builder_version=&#8220;4.20.2&#8243; _module_preset=&#8220;default&#8220; header_level=&#8220;h2&#8243; background_image=&#8220;https:\/\/test.etnaway.com\/wp-content\/uploads\/2023\/03\/Privatflug-Flugzeug-Transfer-Sizilien-2.jpg&#8220; background_enable_image=&#8220;on&#8220; header_text_shadow_style=&#8220;preset5&#8243; header_text_shadow_color=&#8220;rgba(0,0,0,0.8)&#8220; global_colors_info=&#8220;{}&#8220; sticky_transition=&#8220;on&#8220;][\/et_pb_slide][et_pb_slide heading=&#8220;Flugzeug Transfer Sizilien&#8220; button_text=&#8220;Direkt zur Buchung&#8220; button_link=&#8220;#buchung&#8220; use_bg_overlay=&#8220;off&#8220; _builder_version=&#8220;4.20.2&#8243; _module_preset=&#8220;default&#8220; header_level=&#8220;h2&#8243; background_image=&#8220;https:\/\/test.etnaway.com\/wp-content\/uploads\/2023\/03\/Privatflug-Flugzeug-Transfer-Sizilien-1.jpg&#8220; background_enable_image=&#8220;on&#8220; header_text_shadow_style=&#8220;preset5&#8243; header_text_shadow_color=&#8220;rgba(0,0,0,0.8)&#8220; global_colors_info=&#8220;{}&#8220; sticky_transition=&#8220;on&#8220;][\/et_pb_slide][\/et_pb_fullwidth_slider][\/et_pb_section][et_pb_section fb_built=&#8220;1&#8243; _builder_version=&#8220;4.20.1&#8243; _module_preset=&#8220;default&#8220; background_enable_image=&#8220;off&#8220; custom_margin=&#8220;0px||0px||true|false&#8220; custom_padding=&#8220;0px||0px||true|false&#8220; global_colors_info=&#8220;{}&#8220;][et_pb_row column_structure=&#8220;1_2,1_2&#8243; use_custom_gutter=&#8220;on&#8220; gutter_width=&#8220;1&#8243; _builder_version=&#8220;4.20.1&#8243; _module_preset=&#8220;default&#8220; width=&#8220;100%&#8220; max_width=&#8220;100%&#8220; custom_margin=&#8220;0px||0px||true|false&#8220; custom_padding=&#8220;0px||0px||true|false&#8220; global_colors_info=&#8220;{}&#8220;][et_pb_column type=&#8220;1_2&#8243; _builder_version=&#8220;4.20.0&#8243; _module_preset=&#8220;default&#8220; global_colors_info=&#8220;{}&#8220;][et_pb_image src=&#8220;https:\/\/test.etnaway.com\/wp-content\/uploads\/2023\/03\/Privatflug-Flugzeug-Transfer-Sizilien-8.jpg&#8220; title_text=&#8220;Privatflug Flugzeug Transfer Sizilien (8)&#8220; _builder_version=&#8220;4.20.0&#8243; _module_preset=&#8220;default&#8220; global_colors_info=&#8220;{}&#8220;][\/et_pb_image][\/et_pb_column][et_pb_column type=&#8220;1_2&#8243; _builder_version=&#8220;4.20.0&#8243; _module_preset=&#8220;default&#8220; global_colors_info=&#8220;{}&#8220;][et_pb_image src=&#8220;https:\/\/test.etnaway.com\/wp-content\/uploads\/2023\/03\/Privatflug-Flugzeug-Transfer-Sizilien-7.jpg&#8220; title_text=&#8220;Privatflug Flugzeug Transfer Sizilien (7)&#8220; _builder_version=&#8220;4.20.0&#8243; _module_preset=&#8220;default&#8220; global_colors_info=&#8220;{}&#8220;][\/et_pb_image][\/et_pb_column][\/et_pb_row][et_pb_row column_structure=&#8220;1_4,1_4,1_4,1_4&#8243; use_custom_gutter=&#8220;on&#8220; gutter_width=&#8220;1&#8243; make_equal=&#8220;on&#8220; _builder_version=&#8220;4.20.1&#8243; _module_preset=&#8220;default&#8220; width=&#8220;100%&#8220; max_width=&#8220;100%&#8220; custom_margin=&#8220;0px||0px||true|false&#8220; custom_padding=&#8220;0px||0px||true|false&#8220; global_colors_info=&#8220;{}&#8220;][et_pb_column type=&#8220;1_4&#8243; _builder_version=&#8220;4.20.0&#8243; _module_preset=&#8220;default&#8220; global_colors_info=&#8220;{}&#8220;][et_pb_image src=&#8220;https:\/\/test.etnaway.com\/wp-content\/uploads\/2023\/03\/Privatflug-Flugzeug-Transfer-Sizilien-9.jpg&#8220; title_text=&#8220;Privatflug Flugzeug Transfer Sizilien (9)&#8220; _builder_version=&#8220;4.20.0&#8243; _module_preset=&#8220;default&#8220; global_colors_info=&#8220;{}&#8220;][\/et_pb_image][\/et_pb_column][et_pb_column type=&#8220;1_4&#8243; _builder_version=&#8220;4.20.0&#8243; _module_preset=&#8220;default&#8220; global_colors_info=&#8220;{}&#8220;][et_pb_image src=&#8220;https:\/\/test.etnaway.com\/wp-content\/uploads\/2023\/03\/Privatflug-Flugzeug-Transfer-Sizilien-6.jpg&#8220; title_text=&#8220;Privatflug Flugzeug Transfer Sizilien (6)&#8220; _builder_version=&#8220;4.20.0&#8243; _module_preset=&#8220;default&#8220; global_colors_info=&#8220;{}&#8220;][\/et_pb_image][\/et_pb_column][et_pb_column type=&#8220;1_4&#8243; _builder_version=&#8220;4.20.0&#8243; _module_preset=&#8220;default&#8220; global_colors_info=&#8220;{}&#8220;][et_pb_image src=&#8220;https:\/\/test.etnaway.com\/wp-content\/uploads\/2023\/03\/Privatflug-Flugzeug-Transfer-Sizilien-1.jpg&#8220; title_text=&#8220;Privatflug Flugzeug Transfer Sizilien (1)&#8220; _builder_version=&#8220;4.20.0&#8243; _module_preset=&#8220;default&#8220; global_colors_info=&#8220;{}&#8220;][\/et_pb_image][\/et_pb_column][et_pb_column type=&#8220;1_4&#8243; _builder_version=&#8220;4.20.0&#8243; _module_preset=&#8220;default&#8220; background_image=&#8220;https:\/\/test.etnaway.com\/wp-content\/uploads\/2023\/03\/Privatflug-Flugzeug-Transfer-Sizilien-3.jpg&#8220; global_colors_info=&#8220;{}&#8220;][et_pb_image src=&#8220;https:\/\/test.etnaway.com\/wp-content\/uploads\/2023\/03\/Privatflug-Flugzeug-Transfer-Sizilien-3.jpg&#8220; title_text=&#8220;Privatflug Flugzeug Transfer Sizilien (3)&#8220; disabled_on=&#8220;off|off|on&#8220; _builder_version=&#8220;4.20.0&#8243; _module_preset=&#8220;default&#8220; global_colors_info=&#8220;{}&#8220;][\/et_pb_image][\/et_pb_column][\/et_pb_row][et_pb_row _builder_version=&#8220;4.20.1&#8243; _module_preset=&#8220;default&#8220; background_color=&#8220;rgba(255,255,255,0.8)&#8220; width=&#8220;100%&#8220; max_width=&#8220;100%&#8220; custom_padding=&#8220;1vw|1vw|1vw|1vw|true|true&#8220; global_colors_info=&#8220;{}&#8220;][et_pb_column type=&#8220;4_4&#8243; _builder_version=&#8220;4.20.0&#8243; _module_preset=&#8220;default&#8220; global_colors_info=&#8220;{}&#8220;][et_pb_text _builder_version=&#8220;4.20.1&#8243; _module_preset=&#8220;default&#8220; global_colors_info=&#8220;{}&#8220;]<\/p>\n<h1>Buchen Sie einen Privatflug mit der Pilatus PC24<\/h1>\n<p>Die Pilatus PC24 hat mit <strong>6 Passagieren<\/strong> plus <strong>zwei Piloten<\/strong> in der <strong>VIP-EXECUTIVE Konfiguration<\/strong> eine Reichweite von 1800 Nautischen Meilen, was etwa 3200 KM entspricht.<\/p>\n<p>Sie k\u00f6nnen also ohne Zwischenlandung von Sizilien\u00a0aus alle europ\u00e4ischen\/osteurop\u00e4ischen Ziele, die T\u00fcrkei und Nordafrika anfliegen.<\/p>\n<p>Wir bieten Privatfl\u00fcge von und zu den folgenden Flugh\u00e4fen an:<\/p>\n<ul>\n<li><strong>Catania (CTA)<\/strong><\/li>\n<li><strong>Reggio Calabria (REG)<\/strong><\/li>\n<li><strong>Palermo (PMO)<\/strong><\/li>\n<\/ul>\n<p>Ein Rezeptionist empf\u00e4ngt Sie pers\u00f6nlich am Terminal f\u00fcr Privatjets und begleitet Sie w\u00e4hrend der gesamten Boarding-Zeit bis zum Gate und gegebenenfalls in spezielle Lounges (im Falle von kurzen Wartezeiten). Au\u00dferhalb der Boarding-Bereiche f\u00fcr normale Linienflugg\u00e4ste k\u00f6nnen Sie so den Abflug und auch die Ankunft entspannt genie\u00dfen.<\/p>\n<p><strong>Beispiele unserer Routen:<\/strong><\/p>\n<ul>\n<li>Catania (CTA) &#8211; Mailand Linate (LIN), Flugzeit etwa 1,5 Stunden<\/li>\n<li>Catania (CTA) &#8211; Rom Ciampino (CIA), Flugzeit etwa 1 Stunde<\/li>\n<li>Catania (CTA) &#8211; Istanbul (ISL), Flugzeit etwa 2,25 Stunden<\/li>\n<\/ul>\n<p>[\/et_pb_text][\/et_pb_column][\/et_pb_row][et_pb_row module_id=&#8220;buchung&#8220; _builder_version=&#8220;4.20.1&#8243; _module_preset=&#8220;default&#8220; background_color=&#8220;rgba(255,255,255,0.8)&#8220; width=&#8220;100%&#8220; max_width=&#8220;100%&#8220; custom_padding=&#8220;1vw|1vw|1vw|1vw|true|true&#8220; global_colors_info=&#8220;{}&#8220;][et_pb_column type=&#8220;4_4&#8243; _builder_version=&#8220;4.20.0&#8243; _module_preset=&#8220;default&#8220; global_colors_info=&#8220;{}&#8220;][wpforms_selector form_id=&#8220;24325&#8243; show_title=&#8220;on&#8220; show_desc=&#8220;off&#8220; _builder_version=&#8220;4.20.1&#8243; _module_preset=&#8220;default&#8220; global_colors_info=&#8220;{}&#8220;][\/wpforms_selector][et_pb_text _builder_version=&#8220;4.20.4&#8243; _module_preset=&#8220;default&#8220; hover_enabled=&#8220;0&#8243; sticky_enabled=&#8220;0&#8243;]<\/p>\n<h2>Preis f\u00fcr den Flugzeugtransfer<\/h2>\n<p>Wir setzen uns in K\u00fcrze mit Ihnen in Verbindung und teilen Ihnen Verf\u00fcgbarkeit und Preis mit. Auch eventuell gew\u00fcnschte Extras k\u00f6nnen wir gerne pers\u00f6nlich besprechen.[\/et_pb_text][\/et_pb_column][\/et_pb_row][\/et_pb_section]<\/p>\n","protected":false},"excerpt":{"rendered":"<p>Buchen Sie einen Privatflug mit der Pilatus PC24 Die Pilatus PC24 hat mit 6 Passagieren plus zwei Piloten in der VIP-EXECUTIVE Konfiguration eine Reichweite von 1800 Nautischen Meilen, was etwa 3200 KM entspricht. Sie k\u00f6nnen also ohne Zwischenlandung von Sizilien\u00a0aus alle europ\u00e4ischen\/osteurop\u00e4ischen Ziele, die T\u00fcrkei und Nordafrika anfliegen. Wir bieten Privatfl\u00fcge von und zu den [&hellip;]<\/p>\n","protected":false},"author":1,"featured_media":0,"parent":0,"menu_order":0,"comment_status":"closed","ping_status":"closed","template":"","meta":{"_et_pb_use_builder":"on","_et_pb_old_content":"","_et_gb_content_width":"","inline_featured_image":false,"_joinchat":[],"footnotes":""},"dipi_cpt_category":[],"class_list":["post-24252","page","type-page","status-publish","hentry"],"_links":{"self":[{"href":"https:\/\/test.etnaway.com\/de\/wp-json\/wp\/v2\/pages\/24252","targetHints":{"allow":["GET"]}}],"collection":[{"href":"https:\/\/test.etnaway.com\/de\/wp-json\/wp\/v2\/pages"}],"about":[{"href":"https:\/\/test.etnaway.com\/de\/wp-json\/wp\/v2\/types\/page"}],"author":[{"embeddable":true,"href":"https:\/\/test.etnaway.com\/de\/wp-json\/wp\/v2\/users\/1"}],"replies":[{"embeddable":true,"href":"https:\/\/test.etnaway.com\/de\/wp-json\/wp\/v2\/comments?post=24252"}],"version-history":[{"count":27,"href":"https:\/\/test.etnaway.com\/de\/wp-json\/wp\/v2\/pages\/24252\/revisions"}],"predecessor-version":[{"id":25427,"href":"https:\/\/test.etnaway.com\/de\/wp-json\/wp\/v2\/pages\/24252\/revisions\/25427"}],"wp:attachment":[{"href":"https:\/\/test.etnaway.com\/de\/wp-json\/wp\/v2\/media?parent=24252"}],"wp:term":[{"taxonomy":"dipi_cpt_category","embeddable":true,"href":"https:\/\/test.etnaway.com\/de\/wp-json\/wp\/v2\/dipi_cpt_category?post=24252"}],"curies":[{"name":"wp","href":"https:\/\/api.w.org\/{rel}","templated":true}]}}