{"id":12277,"date":"2022-02-12T14:56:37","date_gmt":"2022-02-12T13:56:37","guid":{"rendered":"https:\/\/test.etnaway.com\/mentions-legales\/"},"modified":"2023-05-16T23:43:44","modified_gmt":"2023-05-16T21:43:44","slug":"mentions-legales","status":"publish","type":"page","link":"https:\/\/test.etnaway.com\/fr\/mentions-legales\/","title":{"rendered":"Mentions l\u00e9gales"},"content":{"rendered":"<p>[et_pb_section fb_built=\u00a0\u00bb1&Prime; _builder_version=\u00a0\u00bb4.18.0&Prime; _module_preset=\u00a0\u00bbdefault\u00a0\u00bb background_color=\u00a0\u00bb#1C1C1C\u00a0\u00bb width=\u00a0\u00bb100%\u00a0\u00bb max_width=\u00a0\u00bb100%\u00a0\u00bb custom_margin=\u00a0\u00bb0px||0px||true|false\u00a0\u00bb custom_padding=\u00a0\u00bb0px||0px||true|false\u00a0\u00bb global_module=\u00a0\u00bb17111&Prime; global_colors_info=\u00a0\u00bb{}\u00a0\u00bb][et_pb_row use_custom_gutter=\u00a0\u00bbon\u00a0\u00bb gutter_width=\u00a0\u00bb1&Prime; make_equal=\u00a0\u00bbon\u00a0\u00bb admin_label=\u00a0\u00bbLigne\u00a0\u00bb _builder_version=\u00a0\u00bb4.17.6&Prime; _module_preset=\u00a0\u00bbdefault\u00a0\u00bb background_color=\u00a0\u00bb#1C1C1C\u00a0\u00bb width_tablet=\u00a0\u00bb\u00a0\u00bb width_phone=\u00a0\u00bb95%\u00a0\u00bb width_last_edited=\u00a0\u00bbon|phone\u00a0\u00bb max_width=\u00a0\u00bb100%\u00a0\u00bb module_alignment=\u00a0\u00bbcenter\u00a0\u00bb custom_margin=\u00a0\u00bb0px||0px||true|false\u00a0\u00bb custom_padding=\u00a0\u00bb0px||5px||false|false\u00a0\u00bb global_colors_info=\u00a0\u00bb{}\u00a0\u00bb width__hover_enabled=\u00a0\u00bboff|desktop\u00a0\u00bb][et_pb_column type=\u00a0\u00bb4_4&Prime; _builder_version=\u00a0\u00bb4.17.6&Prime; _module_preset=\u00a0\u00bbdefault\u00a0\u00bb global_colors_info=\u00a0\u00bb{}\u00a0\u00bb][lwp_divi_breadcrumbs link_color=\u00a0\u00bb#FFFFFF\u00a0\u00bb separator_color=\u00a0\u00bb#FFFFFF\u00a0\u00bb current_text_color=\u00a0\u00bb#FFFFFF\u00a0\u00bb _builder_version=\u00a0\u00bb4.17.6&Prime; _module_preset=\u00a0\u00bbdefault\u00a0\u00bb module_text_align=\u00a0\u00bbcenter\u00a0\u00bb module_font_size=\u00a0\u00bb0.9rem\u00a0\u00bb module_line_height=\u00a0\u00bb1rem\u00a0\u00bb text_orientation=\u00a0\u00bbcenter\u00a0\u00bb custom_margin=\u00a0\u00bb0px||0px||true|false\u00a0\u00bb custom_padding=\u00a0\u00bb0px||0px||true|false\u00a0\u00bb global_colors_info=\u00a0\u00bb{}\u00a0\u00bb][\/lwp_divi_breadcrumbs][\/et_pb_column][\/et_pb_row][\/et_pb_section][et_pb_section fb_built=\u00a0\u00bb1&Prime; _builder_version=\u00a0\u00bb4.17.1&Prime; _module_preset=\u00a0\u00bbdefault\u00a0\u00bb custom_padding=\u00a0\u00bb1rem||1rem||true|false\u00a0\u00bb global_colors_info=\u00a0\u00bb{}\u00a0\u00bb][et_pb_row _builder_version=\u00a0\u00bb4.17.1&Prime; _module_preset=\u00a0\u00bbdefault\u00a0\u00bb custom_padding=\u00a0\u00bb1rem||1rem||true|false\u00a0\u00bb global_colors_info=\u00a0\u00bb{}\u00a0\u00bb][et_pb_column type=\u00a0\u00bb4_4&Prime; _builder_version=\u00a0\u00bb4.17.1&Prime; _module_preset=\u00a0\u00bbdefault\u00a0\u00bb global_colors_info=\u00a0\u00bb{}\u00a0\u00bb][et_pb_text _builder_version=\u00a0\u00bb4.17.3&Prime; _module_preset=\u00a0\u00bbdefault\u00a0\u00bb global_colors_info=\u00a0\u00bb{}\u00a0\u00bb]<\/p>\n<h1>Mentions l\u00e9gales<\/h1>\n<p>EtnaWay est un produit de: <strong>Legendary Sicily S.R.L.<\/strong><\/p>\n<p>Propri\u00e9taire : Edward Tronchet<\/p>\n<p>Salita Francesco de Luna, 10<br \/>98039 Taormina (ME)<br \/>Italie<\/p>\n<p>T\u00e9l\u00e9phone : <a href=\"tel:+390942620061\" target=\"_blank\" rel=\"noopener\" title=\"Contacter EtnaWay par t\u00e9l\u00e9phone\">+39 0942 620061<\/a><br \/>Courriel : <a href=\"mailto:info@etnaway.com\">info@etnaway.com<\/a><\/p>\n<p>Registre : Registre du commerce<br \/>Num\u00e9ro d&rsquo;enregistrement (REA) : ME-202233<br \/>Tribunal d&rsquo;enregistrement : Si\u00e8ge social de Messine<\/p>\n<p>P.IVA (num\u00e9ro d&rsquo;identification fiscale) : IT02924670835<\/p>\n<p>Les mentions l\u00e9gales sont \u00e9galement valables pour les profils de m\u00e9dias sociaux suivants :<\/p>\n<p><a href=\"https:\/\/www.facebook.com\/etnawaytour\/\" rel=\"nofollow noopener\" target=\"_blank\">Facebook<\/a>, <a href=\"https:\/\/www.instagram.com\/etnaway\/\" rel=\"nofollow noopener\" target=\"_blank\">Instagram<\/a>, <a href=\"https:\/\/vm.tiktok.com\/ZMLpXdnwe\/\" target=\"_blank\" rel=\"noopener nofollow\" title=\"EtnaWay sur TikTok\">TikTok<\/a> et <a href=\"https:\/\/www.youtube.com\/channel\/UCJI0cKI48aU7zlZ6mHW5r-g\" rel=\"nofollow noopener\" target=\"_blank\">YouTube<\/a><\/p>\n<p>Assurance responsabilit\u00e9 civile : UNIPOL, n\u00b0 43587870<\/p>\n<p>[\/et_pb_text][\/et_pb_column][\/et_pb_row][\/et_pb_section]<\/p>\n","protected":false},"excerpt":{"rendered":"<p><div class=\"et_pb_module lwp_divi_breadcrumbs lwp_divi_breadcrumbs_0\">\n\t\t\t\t\n\t\t\t\t\n\t\t\t\t\n\t\t\t\t\n\t\t\t\t\n\t\t\t\t\n\t\t\t\t<div class=\"et_pb_module_inner\">\n\t\t\t\t\t<div class=\"lwp-breadcrumbs\"> <span class=\"before\"><\/span> <span vocab=\"https:\/\/schema.org\/\" typeof=\"BreadcrumbList\"><span property=\"itemListElement\" typeof=\"ListItem\"><a property=\"item\" typeof=\"WebPage\" href=\"https:\/\/test.etnaway.com\/fr\/\" class=\"home\"><span property=\"name\">Home<\/span><\/a><meta property=\"position\" content=\"1\"><\/span> <span class=\"separator et-pb-icon\">&amp;#x39;<\/span> <\/span><\/div>\n\t\t\t\t<\/div>\n\t\t\t<\/div>Mentions l\u00e9gales EtnaWay est un produit de: Legendary Sicily S.R.L. Propri\u00e9taire : Edward Tronchet Salita Francesco de Luna, 1098039 Taormina (ME)Italie T\u00e9l\u00e9phone : +39 0942 620061Courriel : info@etnaway.com Registre : Registre du commerceNum\u00e9ro d&rsquo;enregistrement (REA) : ME-202233Tribunal d&rsquo;enregistrement : Si\u00e8ge social de Messine [&hellip;]<\/p>\n","protected":false},"author":1,"featured_media":0,"parent":0,"menu_order":1000,"comment_status":"closed","ping_status":"closed","template":"","meta":{"_et_pb_use_builder":"on","_et_pb_old_content":"","_et_gb_content_width":"","inline_featured_image":false,"_joinchat":[],"footnotes":""},"dipi_cpt_category":[],"class_list":["post-12277","page","type-page","status-publish","hentry"],"_links":{"self":[{"href":"https:\/\/test.etnaway.com\/fr\/wp-json\/wp\/v2\/pages\/12277","targetHints":{"allow":["GET"]}}],"collection":[{"href":"https:\/\/test.etnaway.com\/fr\/wp-json\/wp\/v2\/pages"}],"about":[{"href":"https:\/\/test.etnaway.com\/fr\/wp-json\/wp\/v2\/types\/page"}],"author":[{"embeddable":true,"href":"https:\/\/test.etnaway.com\/fr\/wp-json\/wp\/v2\/users\/1"}],"replies":[{"embeddable":true,"href":"https:\/\/test.etnaway.com\/fr\/wp-json\/wp\/v2\/comments?post=12277"}],"version-history":[{"count":16,"href":"https:\/\/test.etnaway.com\/fr\/wp-json\/wp\/v2\/pages\/12277\/revisions"}],"predecessor-version":[{"id":26041,"href":"https:\/\/test.etnaway.com\/fr\/wp-json\/wp\/v2\/pages\/12277\/revisions\/26041"}],"wp:attachment":[{"href":"https:\/\/test.etnaway.com\/fr\/wp-json\/wp\/v2\/media?parent=12277"}],"wp:term":[{"taxonomy":"dipi_cpt_category","embeddable":true,"href":"https:\/\/test.etnaway.com\/fr\/wp-json\/wp\/v2\/dipi_cpt_category?post=12277"}],"curies":[{"name":"wp","href":"https:\/\/api.w.org\/{rel}","templated":true}]}}