{"id":23157,"date":"2023-02-07T20:53:55","date_gmt":"2023-02-07T19:53:55","guid":{"rendered":"https:\/\/test.etnaway.com\/conditions-generales-de-vente\/"},"modified":"2023-02-07T22:15:57","modified_gmt":"2023-02-07T21:15:57","slug":"conditions-generales-de-vente","status":"publish","type":"page","link":"https:\/\/test.etnaway.com\/fr\/conditions-generales-de-vente\/","title":{"rendered":"Conditions g\u00e9n\u00e9rales de vente"},"content":{"rendered":"<p>[et_pb_section fb_built=\u00a0\u00bb1&Prime; _builder_version=\u00a0\u00bb4.18.0&Prime; _module_preset=\u00a0\u00bbdefault\u00a0\u00bb background_color=\u00a0\u00bb#1C1C1C\u00a0\u00bb width=\u00a0\u00bb100%\u00a0\u00bb max_width=\u00a0\u00bb100%\u00a0\u00bb custom_margin=\u00a0\u00bb0px||0px||true|false\u00a0\u00bb custom_padding=\u00a0\u00bb0px||0px||true|false\u00a0\u00bb global_module=\u00a0\u00bb17111&Prime; global_colors_info=\u00a0\u00bb{}\u00a0\u00bb][et_pb_row use_custom_gutter=\u00a0\u00bbon\u00a0\u00bb gutter_width=\u00a0\u00bb1&Prime; make_equal=\u00a0\u00bbon\u00a0\u00bb admin_label=\u00a0\u00bbLigne\u00a0\u00bb _builder_version=\u00a0\u00bb4.17.6&Prime; _module_preset=\u00a0\u00bbdefault\u00a0\u00bb background_color=\u00a0\u00bb#1C1C1C\u00a0\u00bb width_tablet=\u00a0\u00bb\u00a0\u00bb width_phone=\u00a0\u00bb95%\u00a0\u00bb width_last_edited=\u00a0\u00bbon|phone\u00a0\u00bb max_width=\u00a0\u00bb100%\u00a0\u00bb module_alignment=\u00a0\u00bbcenter\u00a0\u00bb custom_margin=\u00a0\u00bb0px||0px||true|false\u00a0\u00bb custom_padding=\u00a0\u00bb0px||5px||false|false\u00a0\u00bb global_colors_info=\u00a0\u00bb{}\u00a0\u00bb width__hover_enabled=\u00a0\u00bboff|desktop\u00a0\u00bb][et_pb_column type=\u00a0\u00bb4_4&Prime; _builder_version=\u00a0\u00bb4.17.6&Prime; _module_preset=\u00a0\u00bbdefault\u00a0\u00bb global_colors_info=\u00a0\u00bb{}\u00a0\u00bb][lwp_divi_breadcrumbs link_color=\u00a0\u00bb#FFFFFF\u00a0\u00bb separator_color=\u00a0\u00bb#FFFFFF\u00a0\u00bb current_text_color=\u00a0\u00bb#FFFFFF\u00a0\u00bb _builder_version=\u00a0\u00bb4.17.6&Prime; _module_preset=\u00a0\u00bbdefault\u00a0\u00bb module_text_align=\u00a0\u00bbcenter\u00a0\u00bb module_font_size=\u00a0\u00bb0.9rem\u00a0\u00bb module_line_height=\u00a0\u00bb1rem\u00a0\u00bb text_orientation=\u00a0\u00bbcenter\u00a0\u00bb custom_margin=\u00a0\u00bb0px||0px||true|false\u00a0\u00bb custom_padding=\u00a0\u00bb0px||0px||true|false\u00a0\u00bb global_colors_info=\u00a0\u00bb{}\u00a0\u00bb][\/lwp_divi_breadcrumbs][\/et_pb_column][\/et_pb_row][\/et_pb_section][et_pb_section fb_built=\u00a0\u00bb1&Prime; admin_label=\u00a0\u00bbsection\u00a0\u00bb _builder_version=\u00a0\u00bb4.17.1&Prime; custom_padding=\u00a0\u00bb1rem||1rem||true|false\u00a0\u00bb global_colors_info=\u00a0\u00bb{}\u00a0\u00bb][et_pb_row admin_label=\u00a0\u00bbrow\u00a0\u00bb _builder_version=\u00a0\u00bb4.17.1&Prime; background_size=\u00a0\u00bbinitial\u00a0\u00bb background_position=\u00a0\u00bbtop_left\u00a0\u00bb background_repeat=\u00a0\u00bbrepeat\u00a0\u00bb custom_padding=\u00a0\u00bb1rem||1rem||true|false\u00a0\u00bb global_colors_info=\u00a0\u00bb{}\u00a0\u00bb][et_pb_column type=\u00a0\u00bb4_4&Prime; _builder_version=\u00a0\u00bb4.16&Prime; custom_padding=\u00a0\u00bb|||\u00a0\u00bb global_colors_info=\u00a0\u00bb{}\u00a0\u00bb custom_padding__hover=\u00a0\u00bb|||\u00a0\u00bb][et_pb_text admin_label=\u00a0\u00bbText\u00a0\u00bb _builder_version=\u00a0\u00bb4.19.5&Prime; background_size=\u00a0\u00bbinitial\u00a0\u00bb background_position=\u00a0\u00bbtop_left\u00a0\u00bb background_repeat=\u00a0\u00bbrepeat\u00a0\u00bb global_colors_info=\u00a0\u00bb{}\u00a0\u00bb]<\/p>\n<h1><span>Dispositions g\u00e9n\u00e9rales relatives aux contrats de vente de services touristiques individuels<\/span><\/h1>\n<p><span>Les contrats ayant pour objet uniquement un service de transport, uniquement un service de transport, uniquement un service d&rsquo;h\u00e9bergement ou un autre service touristique distinct, qui ne peuvent \u00eatre configur\u00e9s comme un cas n\u00e9goci\u00e9 d&rsquo;organisation de voyage ou de forfait touristique, ne b\u00e9n\u00e9ficient pas de la protection pr\u00e9vue par la directive europ\u00e9enne 2015\/2302 pour les voyageurs, \u00e0 l&rsquo;exception de celles relatives aux points suivants : R\u00e9servations, paiements, obligations du client, annulation par le client, modifications demand\u00e9es par le client, excursions et visites d&rsquo;une journ\u00e9e, responsabilit\u00e9 et exclusion de responsabilit\u00e9, juridiction.<\/span><br \/><span> <\/span><br \/><strong>01. EXCURSIONS ET VOYAGES D&rsquo;UN JOUR<br \/><\/strong><span style=\"font-size: 18px;\">Toutes les excursions et les visites d&rsquo;une journ\u00e9e organis\u00e9es par EtnaWay &#8211; Legendary Sicily S.r.l. sont soumises \u00e0 disponibilit\u00e9. Le nombre minimum de participants pour chaque excursion est de 4 personnes. Si le nombre minimum de participants n&rsquo;est pas atteint, les excursions et les tours peuvent \u00eatre modifi\u00e9s ou annul\u00e9s. Les excursions peuvent \u00e9galement \u00eatre modifi\u00e9es ou annul\u00e9es en fonction des conditions m\u00e9t\u00e9orologiques et\/ou volcanologiques. Si le client ne se pr\u00e9sente pas au rendez-vous plus de 20 minutes apr\u00e8s l&rsquo;heure convenue, la r\u00e9servation est consid\u00e9r\u00e9e comme un \u00ab\u00a0no-show\u00a0\u00bb et aucun remboursement ne peut \u00eatre effectu\u00e9. Jusqu&rsquo;au d\u00e9but de l&rsquo;excursion, l&rsquo;organisateur peut, \u00e0 sa seule discr\u00e9tion, modifier tant l&rsquo;itin\u00e9raire que la dur\u00e9e de l&rsquo;excursion en fonction des conditions m\u00e9t\u00e9orologiques et d&rsquo;autres facteurs susceptibles d&rsquo;affecter l&rsquo;excursion. En cas de refus de l&rsquo;autre service propos\u00e9, le client ne peut obtenir qu&rsquo;un remboursement du prix pay\u00e9, toute autre forme d&rsquo;indemnisation \u00e9tant exclue.<\/span><\/p>\n<p><strong>02. RESPONSABILIT\u00c9 ET RENONCIATION<\/strong><br \/><span>Les participants aux excursions ou autres activit\u00e9s sont tenus de suivre les instructions des guides et accompagnateurs et de ne pas s&rsquo;\u00e9loigner du groupe. Les organisateurs et les guides ne sont pas responsables des dommages corporels et\/ou mat\u00e9riels caus\u00e9s par un participant qui n&rsquo;a pas suivi les instructions re\u00e7ues ou qui n&rsquo;a pas respect\u00e9 les r\u00e8gles de bonne conduite. Le guide peut d\u00e9cider, \u00e0 son enti\u00e8re discr\u00e9tion, d&rsquo;interrompre l&rsquo;excursion ou l&rsquo;activit\u00e9 s&rsquo;il le juge n\u00e9cessaire pour sa propre s\u00e9curit\u00e9 ou celle d&rsquo;autrui, afin de garantir \u00e0 tout moment un niveau de s\u00e9curit\u00e9 maximal. Le participant d\u00e9clare, sous sa propre responsabilit\u00e9, qu&rsquo;il a \u00e9t\u00e9 inform\u00e9 au pr\u00e9alable des caract\u00e9ristiques et des difficult\u00e9s de l&rsquo;excursion et qu&rsquo;il se trouve dans un \u00e9tat psychophysique appropri\u00e9 pour l&rsquo;excursion. Il\/elle d\u00e9clare \u00e9galement qu&rsquo;il\/elle est d&rsquo;accord avec le programme propos\u00e9 et qu&rsquo;il\/elle dispose de l&rsquo;\u00e9quipement appropri\u00e9 et\/ou recommand\u00e9. Lorsque des mineurs participent \u00e0 des excursions\/activit\u00e9s, les tuteurs l\u00e9gaux doivent fournir une d\u00e9claration dans laquelle ils assument la responsabilit\u00e9 de l&rsquo;activit\u00e9 sportive\/de loisirs et de l&rsquo;int\u00e9grit\u00e9 psychophysique du mineur. Les participants souffrant d&rsquo;allergies, d&rsquo;intol\u00e9rances ou d&rsquo;autres probl\u00e8mes de sant\u00e9 doivent en informer l&rsquo;organisateur et les guides \u00e0 l&rsquo;avance et emporter des m\u00e9dicaments personnels. Il est interdit de fumer pendant les excursions et de transporter des marchandises dangereuses, des armes ou des drogues. Le participant est conscient des risques et des dangers li\u00e9s aux excursions et aux activit\u00e9s dans la nature et assume la responsabilit\u00e9 de tous les dommages qu&rsquo;il peut causer directement ou indirectement \u00e0 d&rsquo;autres personnes et\/ou \u00e0 des biens en raison d&rsquo;un comportement imprudent et dangereux. <\/span><br \/><span>Toutes les randonn\u00e9es\/activit\u00e9s sont couvertes par une assurance. L&rsquo;assurance ne couvre pas les dommages caus\u00e9s aux personnes, aux tiers ou aux biens s&rsquo;ils r\u00e9sultent d&rsquo;un comportement n\u00e9gligent, imprudent et du non-respect des r\u00e8gles \u00e9l\u00e9mentaires de s\u00e9curit\u00e9 et de bonne conduite. EtnaWay &#8211; Legendary Sicily S.r.l. n&rsquo;est pas responsable des dommages caus\u00e9s aux personnes, aux tiers ou aux biens dans les logements dont elle n&rsquo;est pas propri\u00e9taire. Dans ce cas, il appartient au participant de v\u00e9rifier les conditions d&rsquo;assurance de l&rsquo;organisme choisi. <\/span><\/p>\n<p><strong>03. MODALIT\u00c9S DE PAIEMENT<\/strong><br \/><span>Le paiement des diff\u00e9rentes prestations touristiques doit \u00eatre effectu\u00e9 en une seule fois \u00e0 l&rsquo;organisateur, au moins sept jours \u00e0 l&rsquo;avance, par virement bancaire ou par carte de cr\u00e9dit (pos), \u00e0 r\u00e9gler \u00e0 l&rsquo;agence de l&rsquo;organisateur. Le client peut \u00eatre autoris\u00e9 \u00e0 effectuer le paiement en esp\u00e8ces ou sous forme de carte directement au chauffeur ou au guide. <\/span><\/p>\n<p><strong>04. R\u00c9SILIATION PAR LE CLIENT<\/strong><br \/><span>Le client a le droit de se retirer de la prestation de service individuelle conform\u00e9ment aux dispositions suivantes :<\/span><br \/><span>H\u00e9licopt\u00e8re : en cas d&rsquo;annulation par le client moins de 60 jours avant la date du voyage, les frais d&rsquo;annulation suivants s&rsquo;appliquent :<\/span><br \/><span>&#8211; Non pr\u00e9sentation ou annulation dans les 24 heures avant le d\u00e9part : 100% du prix <\/span><br \/><span>&#8211; Annulation entre 24 et 72 heures avant le d\u00e9part : 75%.<\/span><br \/><span>&#8211; Annulation entre 72 heures et 7 jours avant le d\u00e9part : 50%. <\/span><br \/><span>&#8211; Annulation entre 7 et 14 jours avant le d\u00e9part : 30%.<\/span><br \/><span>&#8211; Annulation entre 14 et 59 jours avant le d\u00e9part : 10%.<\/span><br \/><span>&#8211; Annulation plus de 60 jours avant le d\u00e9part : sans frais<\/span><\/p>\n<p>[\/et_pb_text][\/et_pb_column][\/et_pb_row][\/et_pb_section]<\/p>\n","protected":false},"excerpt":{"rendered":"<p><div class=\"et_pb_module lwp_divi_breadcrumbs lwp_divi_breadcrumbs_0\">\n\t\t\t\t\n\t\t\t\t\n\t\t\t\t\n\t\t\t\t\n\t\t\t\t\n\t\t\t\t\n\t\t\t\t<div class=\"et_pb_module_inner\">\n\t\t\t\t\t<div class=\"lwp-breadcrumbs\"> <span class=\"before\"><\/span> <span vocab=\"https:\/\/schema.org\/\" typeof=\"BreadcrumbList\"><span property=\"itemListElement\" typeof=\"ListItem\"><a property=\"item\" typeof=\"WebPage\" href=\"https:\/\/test.etnaway.com\/fr\/\" class=\"home\"><span property=\"name\">Home<\/span><\/a><meta property=\"position\" content=\"1\"><\/span> <span class=\"separator et-pb-icon\">&amp;#x39;<\/span> <\/span><\/div>\n\t\t\t\t<\/div>\n\t\t\t<\/div>Dispositions g\u00e9n\u00e9rales relatives aux contrats de vente de services touristiques individuels Les contrats ayant pour objet uniquement un service de transport, uniquement un service de transport, uniquement un service d&rsquo;h\u00e9bergement ou un autre service touristique distinct, qui ne peuvent \u00eatre configur\u00e9s comme un [&hellip;]<\/p>\n","protected":false},"author":1,"featured_media":0,"parent":0,"menu_order":0,"comment_status":"closed","ping_status":"closed","template":"","meta":{"_et_pb_use_builder":"on","_et_pb_old_content":"","_et_gb_content_width":"","inline_featured_image":false,"_joinchat":[],"footnotes":""},"dipi_cpt_category":[],"class_list":["post-23157","page","type-page","status-publish","hentry"],"_links":{"self":[{"href":"https:\/\/test.etnaway.com\/fr\/wp-json\/wp\/v2\/pages\/23157","targetHints":{"allow":["GET"]}}],"collection":[{"href":"https:\/\/test.etnaway.com\/fr\/wp-json\/wp\/v2\/pages"}],"about":[{"href":"https:\/\/test.etnaway.com\/fr\/wp-json\/wp\/v2\/types\/page"}],"author":[{"embeddable":true,"href":"https:\/\/test.etnaway.com\/fr\/wp-json\/wp\/v2\/users\/1"}],"replies":[{"embeddable":true,"href":"https:\/\/test.etnaway.com\/fr\/wp-json\/wp\/v2\/comments?post=23157"}],"version-history":[{"count":5,"href":"https:\/\/test.etnaway.com\/fr\/wp-json\/wp\/v2\/pages\/23157\/revisions"}],"predecessor-version":[{"id":23170,"href":"https:\/\/test.etnaway.com\/fr\/wp-json\/wp\/v2\/pages\/23157\/revisions\/23170"}],"wp:attachment":[{"href":"https:\/\/test.etnaway.com\/fr\/wp-json\/wp\/v2\/media?parent=23157"}],"wp:term":[{"taxonomy":"dipi_cpt_category","embeddable":true,"href":"https:\/\/test.etnaway.com\/fr\/wp-json\/wp\/v2\/dipi_cpt_category?post=23157"}],"curies":[{"name":"wp","href":"https:\/\/api.w.org\/{rel}","templated":true}]}}