{"id":24550,"date":"2023-03-05T20:41:43","date_gmt":"2023-03-05T19:41:43","guid":{"rendered":"https:\/\/test.etnaway.com\/transfert-en-avion-sicile\/"},"modified":"2023-04-10T22:28:05","modified_gmt":"2023-04-10T20:28:05","slug":"transfert-en-avion-sicile","status":"publish","type":"page","link":"https:\/\/test.etnaway.com\/fr\/transfert-en-avion-sicile\/","title":{"rendered":"Transfert en jet priv\u00e9 Sicile"},"content":{"rendered":"<p>[et_pb_section fb_built=\u00a0\u00bb1&Prime; fullwidth=\u00a0\u00bbon\u00a0\u00bb _builder_version=\u00a0\u00bb4.20.0&Prime; _module_preset=\u00a0\u00bbdefault\u00a0\u00bb global_colors_info=\u00a0\u00bb{}\u00a0\u00bb][et_pb_fullwidth_slider use_bg_overlay=\u00a0\u00bboff\u00a0\u00bb use_text_overlay=\u00a0\u00bboff\u00a0\u00bb _builder_version=\u00a0\u00bb4.20.2&Prime; _module_preset=\u00a0\u00bbdefault\u00a0\u00bb header_font=\u00a0\u00bb|600|||||||\u00a0\u00bb auto=\u00a0\u00bbon\u00a0\u00bb custom_css_slide_button=\u00a0\u00bbbackground:rgba(0,0,0,0.65)\u00a0\u00bb global_colors_info=\u00a0\u00bb{}\u00a0\u00bb][et_pb_slide heading=\u00a0\u00bbTransfert en avion Sicile\u00a0\u00bb button_text=\u00a0\u00bbAcc\u00e8s direct \u00e0 la r\u00e9servation\u00a0\u00bb button_link=\u00a0\u00bb#buchung\u00a0\u00bb use_bg_overlay=\u00a0\u00bboff\u00a0\u00bb use_text_overlay=\u00a0\u00bboff\u00a0\u00bb _builder_version=\u00a0\u00bb4.20.2&Prime; _module_preset=\u00a0\u00bbdefault\u00a0\u00bb header_level=\u00a0\u00bbh2&Prime; background_image=\u00a0\u00bbhttps:\/\/test.etnaway.com\/wp-content\/uploads\/2023\/03\/Privatflug-Flugzeug-Transfer-Sizilien-2.jpg\u00a0\u00bb background_enable_image=\u00a0\u00bbon\u00a0\u00bb header_text_shadow_style=\u00a0\u00bbpreset5&Prime; header_text_shadow_color=\u00a0\u00bbrgba(0,0,0,0.8)\u00a0\u00bb global_colors_info=\u00a0\u00bb{}\u00a0\u00bb sticky_transition=\u00a0\u00bbon\u00a0\u00bb][\/et_pb_slide][et_pb_slide heading=\u00a0\u00bbTransfert en avion Sicile\u00a0\u00bb button_text=\u00a0\u00bbAcc\u00e8s direct \u00e0 la r\u00e9servation\u00a0\u00bb button_link=\u00a0\u00bb#buchung\u00a0\u00bb use_bg_overlay=\u00a0\u00bboff\u00a0\u00bb _builder_version=\u00a0\u00bb4.20.2&Prime; _module_preset=\u00a0\u00bbdefault\u00a0\u00bb header_level=\u00a0\u00bbh2&Prime; background_image=\u00a0\u00bbhttps:\/\/test.etnaway.com\/wp-content\/uploads\/2023\/03\/Privatflug-Flugzeug-Transfer-Sizilien-1.jpg\u00a0\u00bb background_enable_image=\u00a0\u00bbon\u00a0\u00bb header_text_shadow_style=\u00a0\u00bbpreset5&Prime; header_text_shadow_color=\u00a0\u00bbrgba(0,0,0,0.8)\u00a0\u00bb global_colors_info=\u00a0\u00bb{}\u00a0\u00bb sticky_transition=\u00a0\u00bbon\u00a0\u00bb][\/et_pb_slide][\/et_pb_fullwidth_slider][\/et_pb_section][et_pb_section fb_built=\u00a0\u00bb1&Prime; _builder_version=\u00a0\u00bb4.20.1&Prime; _module_preset=\u00a0\u00bbdefault\u00a0\u00bb background_enable_image=\u00a0\u00bboff\u00a0\u00bb custom_margin=\u00a0\u00bb0px||0px||true|false\u00a0\u00bb custom_padding=\u00a0\u00bb0px||0px||true|false\u00a0\u00bb global_colors_info=\u00a0\u00bb{}\u00a0\u00bb][et_pb_row column_structure=\u00a0\u00bb1_2,1_2&Prime; use_custom_gutter=\u00a0\u00bbon\u00a0\u00bb gutter_width=\u00a0\u00bb1&Prime; _builder_version=\u00a0\u00bb4.20.1&Prime; _module_preset=\u00a0\u00bbdefault\u00a0\u00bb width=\u00a0\u00bb100%\u00a0\u00bb max_width=\u00a0\u00bb100%\u00a0\u00bb custom_margin=\u00a0\u00bb0px||0px||true|false\u00a0\u00bb custom_padding=\u00a0\u00bb0px||0px||true|false\u00a0\u00bb global_colors_info=\u00a0\u00bb{}\u00a0\u00bb][et_pb_column type=\u00a0\u00bb1_2&Prime; _builder_version=\u00a0\u00bb4.20.0&Prime; _module_preset=\u00a0\u00bbdefault\u00a0\u00bb global_colors_info=\u00a0\u00bb{}\u00a0\u00bb][et_pb_image src=\u00a0\u00bbhttps:\/\/test.etnaway.com\/wp-content\/uploads\/2023\/03\/Privatflug-Flugzeug-Transfer-Sizilien-8.jpg\u00a0\u00bb title_text=\u00a0\u00bbVol priv\u00e9 avion transfert Sicile (8)\u00a0\u00bb _builder_version=\u00a0\u00bb4.20.0&Prime; _module_preset=\u00a0\u00bbdefault\u00a0\u00bb global_colors_info=\u00a0\u00bb{}\u00a0\u00bb][\/et_pb_image][\/et_pb_column][et_pb_column type=\u00a0\u00bb1_2&Prime; _builder_version=\u00a0\u00bb4.20.0&Prime; _module_preset=\u00a0\u00bbdefault\u00a0\u00bb global_colors_info=\u00a0\u00bb{}\u00a0\u00bb][et_pb_image src=\u00a0\u00bbhttps:\/\/test.etnaway.com\/wp-content\/uploads\/2023\/03\/Privatflug-Flugzeug-Transfer-Sizilien-7.jpg\u00a0\u00bb title_text=\u00a0\u00bbVol priv\u00e9 avion transfert Sicile (7)\u00a0\u00bb _builder_version=\u00a0\u00bb4.20.0&Prime; _module_preset=\u00a0\u00bbdefault\u00a0\u00bb global_colors_info=\u00a0\u00bb{}\u00a0\u00bb][\/et_pb_image][\/et_pb_column][\/et_pb_row][et_pb_row column_structure=\u00a0\u00bb1_4,1_4,1_4,1_4&Prime; use_custom_gutter=\u00a0\u00bbon\u00a0\u00bb gutter_width=\u00a0\u00bb1&Prime; make_equal=\u00a0\u00bbon\u00a0\u00bb _builder_version=\u00a0\u00bb4.20.1&Prime; _module_preset=\u00a0\u00bbdefault\u00a0\u00bb width=\u00a0\u00bb100%\u00a0\u00bb max_width=\u00a0\u00bb100%\u00a0\u00bb custom_margin=\u00a0\u00bb0px||0px||true|false\u00a0\u00bb custom_padding=\u00a0\u00bb0px||0px||true|false\u00a0\u00bb global_colors_info=\u00a0\u00bb{}\u00a0\u00bb][et_pb_column type=\u00a0\u00bb1_4&Prime; _builder_version=\u00a0\u00bb4.20.0&Prime; _module_preset=\u00a0\u00bbdefault\u00a0\u00bb global_colors_info=\u00a0\u00bb{}\u00a0\u00bb][et_pb_image src=\u00a0\u00bbhttps:\/\/test.etnaway.com\/wp-content\/uploads\/2023\/03\/Privatflug-Flugzeug-Transfer-Sizilien-9.jpg\u00a0\u00bb title_text=\u00a0\u00bbVol priv\u00e9 avion transfert Sicile (9)\u00a0\u00bb _builder_version=\u00a0\u00bb4.20.0&Prime; _module_preset=\u00a0\u00bbdefault\u00a0\u00bb global_colors_info=\u00a0\u00bb{}\u00a0\u00bb][\/et_pb_image][\/et_pb_column][et_pb_column type=\u00a0\u00bb1_4&Prime; _builder_version=\u00a0\u00bb4.20.0&Prime; _module_preset=\u00a0\u00bbdefault\u00a0\u00bb global_colors_info=\u00a0\u00bb{}\u00a0\u00bb][et_pb_image src=\u00a0\u00bbhttps:\/\/test.etnaway.com\/wp-content\/uploads\/2023\/03\/Privatflug-Flugzeug-Transfer-Sizilien-6.jpg\u00a0\u00bb title_text=\u00a0\u00bbVol priv\u00e9 avion transfert Sicile (6)\u00a0\u00bb _builder_version=\u00a0\u00bb4.20.0&Prime; _module_preset=\u00a0\u00bbdefault\u00a0\u00bb global_colors_info=\u00a0\u00bb{}\u00a0\u00bb][\/et_pb_image][\/et_pb_column][et_pb_column type=\u00a0\u00bb1_4&Prime; _builder_version=\u00a0\u00bb4.20.0&Prime; _module_preset=\u00a0\u00bbdefault\u00a0\u00bb global_colors_info=\u00a0\u00bb{}\u00a0\u00bb][et_pb_image src=\u00a0\u00bbhttps:\/\/test.etnaway.com\/wp-content\/uploads\/2023\/03\/Privatflug-Flugzeug-Transfer-Sizilien-1.jpg\u00a0\u00bb title_text=\u00a0\u00bbVol priv\u00e9 avion transfert Sicile (1)\u00a0\u00bb _builder_version=\u00a0\u00bb4.20.0&Prime; _module_preset=\u00a0\u00bbdefault\u00a0\u00bb global_colors_info=\u00a0\u00bb{}\u00a0\u00bb][\/et_pb_image][\/et_pb_column][et_pb_column type=\u00a0\u00bb1_4&Prime; _builder_version=\u00a0\u00bb4.20.0&Prime; _module_preset=\u00a0\u00bbdefault\u00a0\u00bb background_image=\u00a0\u00bbhttps:\/\/test.etnaway.com\/wp-content\/uploads\/2023\/03\/Privatflug-Flugzeug-Transfer-Sizilien-3.jpg\u00a0\u00bb global_colors_info=\u00a0\u00bb{}\u00a0\u00bb][et_pb_image src=\u00a0\u00bbhttps:\/\/test.etnaway.com\/wp-content\/uploads\/2023\/03\/Privatflug-Flugzeug-Transfer-Sizilien-3.jpg\u00a0\u00bb title_text=\u00a0\u00bbVol priv\u00e9 avion transfert Sicile (3)\u00a0\u00bb disabled_on=\u00a0\u00bboff|off|on\u00a0\u00bb _builder_version=\u00a0\u00bb4.20.0&Prime; _module_preset=\u00a0\u00bbdefault\u00a0\u00bb global_colors_info=\u00a0\u00bb{}\u00a0\u00bb][\/et_pb_image][\/et_pb_column][\/et_pb_row][et_pb_row _builder_version=\u00a0\u00bb4.20.1&Prime; _module_preset=\u00a0\u00bbdefault\u00a0\u00bb background_color=\u00a0\u00bbrgba(255,255,255,0.8)\u00a0\u00bb width=\u00a0\u00bb100%\u00a0\u00bb max_width=\u00a0\u00bb100%\u00a0\u00bb custom_padding=\u00a0\u00bb1vw|1vw|1vw|1vw|true|true\u00a0\u00bb global_colors_info=\u00a0\u00bb{}\u00a0\u00bb][et_pb_column type=\u00a0\u00bb4_4&Prime; _builder_version=\u00a0\u00bb4.20.0&Prime; _module_preset=\u00a0\u00bbdefault\u00a0\u00bb global_colors_info=\u00a0\u00bb{}\u00a0\u00bb][et_pb_text _builder_version=\u00a0\u00bb4.20.1&Prime; _module_preset=\u00a0\u00bbdefault\u00a0\u00bb global_colors_info=\u00a0\u00bb{}\u00a0\u00bb]<\/p>\n<h1>R\u00e9server un vol priv\u00e9 avec le Pilatus PC24<\/h1>\n<p>Avec <strong>6 passagers<\/strong> plus <strong>deux pilotes<\/strong>, le Pilatus PC24 a une autonomie de 1800 miles nautiques dans sa <strong>configuration VIP-EXECUTIVE<\/strong>, ce qui correspond \u00e0 environ 3200 KM.<\/p>\n<p>Vous pouvez donc vous rendre sans escale depuis la Sicile vers toutes les destinations europ\u00e9ennes\/d&rsquo;Europe de l&rsquo;Est, la Turquie et l&rsquo;Afrique du Nord.<\/p>\n<p>Nous proposons des vols priv\u00e9s au d\u00e9part et \u00e0 destination des a\u00e9roports suivants :<\/p>\n<ul>\n<li><strong>Catane (CTA)<\/strong><\/li>\n<li><strong>Reggio Calabria (REG)<\/strong><\/li>\n<li><strong>Palerme (PMO)<\/strong><\/li>\n<\/ul>\n<p>Un r\u00e9ceptionniste vous accueille personnellement au terminal des jets priv\u00e9s et vous accompagne pendant toute la dur\u00e9e de l&#8217;embarquement jusqu&rsquo;\u00e0 la porte d&#8217;embarquement et, le cas \u00e9ch\u00e9ant, dans des salons sp\u00e9ciaux (en cas de courte attente). En dehors des zones d&#8217;embarquement des passagers r\u00e9guliers, vous pouvez ainsi profiter du d\u00e9part et de l&rsquo;arriv\u00e9e en toute tranquillit\u00e9.<\/p>\n<p><strong>Exemples de nos itin\u00e9raires :<\/strong><\/p>\n<ul>\n<li>Catane (CTA) &#8211; Milan Linate (LIN), dur\u00e9e du vol environ 1,5 heure<\/li>\n<li>Catane (CTA) &#8211; Rome Ciampino (CIA), dur\u00e9e du vol environ 1 heure<\/li>\n<li>Catane (CTA) &#8211; Istanbul (ISL), dur\u00e9e du vol environ 2,25 heures<\/li>\n<\/ul>\n<p>[\/et_pb_text][\/et_pb_column][\/et_pb_row][et_pb_row module_id=\u00a0\u00bbbuchung\u00a0\u00bb _builder_version=\u00a0\u00bb4.20.1&Prime; _module_preset=\u00a0\u00bbdefault\u00a0\u00bb background_color=\u00a0\u00bbrgba(255,255,255,0.8)\u00a0\u00bb width=\u00a0\u00bb100%\u00a0\u00bb max_width=\u00a0\u00bb100%\u00a0\u00bb custom_padding=\u00a0\u00bb1vw|1vw|1vw|1vw|true|true\u00a0\u00bb global_colors_info=\u00a0\u00bb{}\u00a0\u00bb][et_pb_column type=\u00a0\u00bb4_4&Prime; _builder_version=\u00a0\u00bb4.20.0&Prime; _module_preset=\u00a0\u00bbdefault\u00a0\u00bb global_colors_info=\u00a0\u00bb{}\u00a0\u00bb][wpforms_selector form_id=\u00a0\u00bb24325&Prime; show_title=\u00a0\u00bbon\u00a0\u00bb show_desc=\u00a0\u00bboff\u00a0\u00bb _builder_version=\u00a0\u00bb4.20.1&Prime; _module_preset=\u00a0\u00bbdefault\u00a0\u00bb global_colors_info=\u00a0\u00bb{}\u00a0\u00bb][\/wpforms_selector][et_pb_text _builder_version=\u00a0\u00bb4.20.4&Prime; _module_preset=\u00a0\u00bbdefault\u00a0\u00bb hover_enabled=\u00a0\u00bb0&Prime; sticky_enabled=\u00a0\u00bb0&Prime;]<\/p>\n<h2>Prix du transfert en avion<\/h2>\n<p>Nous vous contacterons sous peu pour vous communiquer la disponibilit\u00e9 et le prix. Nous pourrons \u00e9galement discuter personnellement des options \u00e9ventuellement souhait\u00e9es.[\/et_pb_text][\/et_pb_column][\/et_pb_row][\/et_pb_section]<\/p>\n","protected":false},"excerpt":{"rendered":"<p>R\u00e9server un vol priv\u00e9 avec le Pilatus PC24 Avec 6 passagers plus deux pilotes, le Pilatus PC24 a une autonomie de 1800 miles nautiques dans sa configuration VIP-EXECUTIVE, ce qui correspond \u00e0 environ 3200 KM. Vous pouvez donc vous rendre sans escale depuis la Sicile vers toutes les destinations europ\u00e9ennes\/d&rsquo;Europe de l&rsquo;Est, la Turquie et [&hellip;]<\/p>\n","protected":false},"author":1,"featured_media":0,"parent":0,"menu_order":0,"comment_status":"closed","ping_status":"closed","template":"","meta":{"_et_pb_use_builder":"on","_et_pb_old_content":"","_et_gb_content_width":"","inline_featured_image":false,"_joinchat":[],"footnotes":""},"dipi_cpt_category":[],"class_list":["post-24550","page","type-page","status-publish","hentry"],"_links":{"self":[{"href":"https:\/\/test.etnaway.com\/fr\/wp-json\/wp\/v2\/pages\/24550","targetHints":{"allow":["GET"]}}],"collection":[{"href":"https:\/\/test.etnaway.com\/fr\/wp-json\/wp\/v2\/pages"}],"about":[{"href":"https:\/\/test.etnaway.com\/fr\/wp-json\/wp\/v2\/types\/page"}],"author":[{"embeddable":true,"href":"https:\/\/test.etnaway.com\/fr\/wp-json\/wp\/v2\/users\/1"}],"replies":[{"embeddable":true,"href":"https:\/\/test.etnaway.com\/fr\/wp-json\/wp\/v2\/comments?post=24550"}],"version-history":[{"count":19,"href":"https:\/\/test.etnaway.com\/fr\/wp-json\/wp\/v2\/pages\/24550\/revisions"}],"predecessor-version":[{"id":25433,"href":"https:\/\/test.etnaway.com\/fr\/wp-json\/wp\/v2\/pages\/24550\/revisions\/25433"}],"wp:attachment":[{"href":"https:\/\/test.etnaway.com\/fr\/wp-json\/wp\/v2\/media?parent=24550"}],"wp:term":[{"taxonomy":"dipi_cpt_category","embeddable":true,"href":"https:\/\/test.etnaway.com\/fr\/wp-json\/wp\/v2\/dipi_cpt_category?post=24550"}],"curies":[{"name":"wp","href":"https:\/\/api.w.org\/{rel}","templated":true}]}}