{"id":23160,"date":"2023-02-07T20:53:55","date_gmt":"2023-02-07T19:53:55","guid":{"rendered":"https:\/\/test.etnaway.com\/termini-e-condizioni\/"},"modified":"2023-02-07T22:10:05","modified_gmt":"2023-02-07T21:10:05","slug":"termini-e-condizioni","status":"publish","type":"page","link":"https:\/\/test.etnaway.com\/it\/termini-e-condizioni\/","title":{"rendered":"Termini e condizioni"},"content":{"rendered":"<p>[et_pb_section fb_built=&#8221;1&#8243; _builder_version=&#8221;4.18.0&#8243; _module_preset=&#8221;default&#8221; background_color=&#8221;#1C1C1C&#8221; width=&#8221;100%&#8221; max_width=&#8221;100%&#8221; custom_margin=&#8221;0px||0px||true|false&#8221; custom_padding=&#8221;0px||0px||true|false&#8221; global_module=&#8221;17111&#8243; global_colors_info=&#8221;{}&#8221;][et_pb_row use_custom_gutter=&#8221;on&#8221; gutter_width=&#8221;1&#8243; make_equal=&#8221;on&#8221; admin_label=&#8221;Linea&#8221; _builder_version=&#8221;4.17.6&#8243; _module_preset=&#8221;default&#8221; background_color=&#8221;#1C1C1C&#8221; width_tablet=&#8221;&#8221; width_phone=&#8221;95%&#8221; width_last_edited=&#8221;on|phone&#8221; max_width=&#8221;100%&#8221; module_alignment=&#8221;center&#8221; custom_margin=&#8221;0px||0px||true|false&#8221; custom_padding=&#8221;0px||5px||false|false&#8221; global_colors_info=&#8221;{}&#8221; width__hover_enabled=&#8221;off|desktop&#8221;][et_pb_column type=&#8221;4_4&#8243; _builder_version=&#8221;4.17.6&#8243; _module_preset=&#8221;default&#8221; global_colors_info=&#8221;{}&#8221;][lwp_divi_breadcrumbs link_color=&#8221;#FFFFFF&#8221; separator_color=&#8221;#FFFFFF&#8221; current_text_color=&#8221;#FFFFFF&#8221; _builder_version=&#8221;4.17.6&#8243; _module_preset=&#8221;default&#8221; module_text_align=&#8221;center&#8221; module_font_size=&#8221;0.9rem&#8221; module_line_height=&#8221;1rem&#8221; text_orientation=&#8221;center&#8221; custom_margin=&#8221;0px||0px||true|false&#8221; custom_padding=&#8221;0px||0px||true|false&#8221; global_colors_info=&#8221;{}&#8221;][\/lwp_divi_breadcrumbs][\/et_pb_column][\/et_pb_row][\/et_pb_section][et_pb_section fb_built=&#8221;1&#8243; admin_label=&#8221;section&#8221; _builder_version=&#8221;4.17.1&#8243; custom_padding=&#8221;1rem||1rem||true|false&#8221; global_colors_info=&#8221;{}&#8221;][et_pb_row admin_label=&#8221;row&#8221; _builder_version=&#8221;4.17.1&#8243; background_size=&#8221;initial&#8221; background_position=&#8221;top_left&#8221; background_repeat=&#8221;repeat&#8221; custom_padding=&#8221;1rem||1rem||true|false&#8221; global_colors_info=&#8221;{}&#8221;][et_pb_column type=&#8221;4_4&#8243; _builder_version=&#8221;4.16&#8243; custom_padding=&#8221;|||&#8221; global_colors_info=&#8221;{}&#8221; custom_padding__hover=&#8221;|||&#8221;][et_pb_text admin_label=&#8221;Text&#8221; _builder_version=&#8221;4.19.5&#8243; background_size=&#8221;initial&#8221; background_position=&#8221;top_left&#8221; background_repeat=&#8221;repeat&#8221; global_colors_info=&#8221;{}&#8221;]<\/p>\n<h1><span>Disposizioni generali per i contratti di vendita di singoli servizi turistici<\/span><\/h1>\n<p><span>I contratti che hanno per oggetto solo un servizio di viaggio, solo un servizio di trasporto, solo un servizio di alloggio o un altro servizio turistico separato non configurabile come fattispecie negoziata di un&#8217;organizzazione di viaggio o di un pacchetto turistico non godono della tutela prevista per i viaggiatori dalla Direttiva Europea 2015\/2302, ad eccezione di quelli relativi a quanto segue: Prenotazioni, Pagamenti, Obblighi del cliente, Recesso del cliente, Modifiche richieste dal cliente, Escursioni e tour di un giorno, Responsabilit\u00e0 ed esonero di responsabilit\u00e0, Giurisdizione.<\/span><br \/><span> <\/span><br \/><strong>01. ESCURSIONI E GITE GIORNALIERE<br \/><\/strong><span style=\"font-size: 18px;\">Tutte le escursioni e le gite giornaliere di EtnaWay &#8211; Legendary Sicily S.r.l. sono soggette a disponibilit\u00e0. Il numero minimo di partecipanti per ogni tour \u00e8 di 4 persone. Se non si raggiunge il numero minimo di partecipanti, le escursioni e i tour possono essere modificati o cancellati. I tour sono inoltre soggetti a modifiche o cancellazioni a causa delle condizioni meteorologiche e\/o vulcanologiche. Se il cliente non si presenta all&#8217;appuntamento pi\u00f9 di 20 minuti dopo l&#8217;orario concordato, la prenotazione sar\u00e0 considerata come &#8220;no-show&#8221; e non potr\u00e0 essere effettuato alcun rimborso. L&#8217;organizzatore pu\u00f2, a sua esclusiva discrezione, modificare sia l&#8217;itinerario che la durata dell&#8217;escursione fino all&#8217;inizio della stessa, a seconda delle condizioni meteorologiche e di altri fattori che possono influenzare il tour. In caso di rifiuto dell&#8217;altro servizio offerto, il cliente potr\u00e0 ricevere solo il rimborso del prezzo pagato; \u00e8 esclusa qualsiasi altra forma di risarcimento.<\/span><\/p>\n<p><strong>02. RESPONSABILIT\u00c0 E RINUNCIA<\/strong><br \/><span>I partecipanti alle escursioni o ad altre attivit\u00e0 sono tenuti a seguire le istruzioni delle guide e degli accompagnatori e a non allontanarsi dal gruppo. Gli organizzatori e le guide non sono responsabili di eventuali danni a persone e\/o cose causati da un partecipante che non abbia seguito le istruzioni ricevute o non si sia attenuto alle regole di buona condotta. La guida pu\u00f2 decidere, a sua discrezione, di interrompere l&#8217;escursione o l&#8217;attivit\u00e0 se lo ritiene necessario per la propria sicurezza o per quella degli altri, al fine di garantire sempre il massimo livello di sicurezza. Il partecipante dichiara sotto la propria responsabilit\u00e0 di essere stato preventivamente informato sulle caratteristiche e le difficolt\u00e0 dell&#8217;escursione e di essere in condizioni psicofisiche adeguate all&#8217;escursione. Dichiara inoltre di essere d&#8217;accordo con il programma proposto e di possedere l&#8217;attrezzatura adeguata e\/o raccomandata. Quando i minori partecipano a escursioni\/attivit\u00e0, i tutori legali devono rilasciare una dichiarazione in cui si assumono la responsabilit\u00e0 dell&#8217;attivit\u00e0 sportiva\/ricreativa e dell&#8217;integrit\u00e0 psicofisica del minore. I partecipanti che soffrono di allergie, intolleranze o altri problemi di salute devono informare in anticipo l&#8217;organizzatore e le guide turistiche e portare con s\u00e9 i farmaci personali. \u00c8 vietato fumare durante le escursioni e trasportare merci pericolose, armi o droghe. Il partecipante \u00e8 consapevole dei rischi e dei pericoli connessi alle escursioni e alle attivit\u00e0 in natura e si assume la responsabilit\u00e0 di eventuali danni che pu\u00f2 causare direttamente o indirettamente ad altre persone e\/o cose a causa di comportamenti imprudenti e pericolosi. <\/span><br \/><span>Tutte le passeggiate\/attivit\u00e0 sono coperte da assicurazione. L&#8217;assicurazione non copre i danni a persone, terzi o cose se questi sono dovuti a un comportamento negligente, imprudente e non rispettoso delle regole fondamentali di sicurezza e di buona condotta. EtnaWay &#8211; Legendary Sicily S.r.l. non \u00e8 responsabile di eventuali danni a persone, terzi o cose che si verifichino negli alloggi non di sua propriet\u00e0. In questo caso, spetta al partecipante verificare le condizioni assicurative dell&#8217;istituto scelto. <\/span><\/p>\n<p><strong>03. MODALIT\u00c0 DI PAGAMENTO<\/strong><br \/><span>Il pagamento dei singoli servizi turistici deve essere effettuato in un&#8217;unica soluzione all&#8217;organizzatore con almeno sette giorni di anticipo tramite bonifico bancario o carta di credito (pos), pagabile presso l&#8217;agenzia dell&#8217;organizzatore. Il cliente pu\u00f2 essere autorizzato a effettuare il pagamento in contanti o con carta direttamente all&#8217;autista o alla guida turistica. <\/span><\/p>\n<p><strong>04. RECESSO DA PARTE DEL CLIENTE<\/strong><br \/><span>Il cliente ha il diritto di recedere dal servizio individuale in conformit\u00e0 alle seguenti disposizioni:<\/span><br \/><span>Elicottero: in caso di cancellazione da parte del cliente con meno di 60 giorni di anticipo rispetto alla data del viaggio, verranno applicate le seguenti penali di cancellazione:<\/span><br \/><span>&#8211; No-show o cancellazione entro 24 ore dalla partenza: 100% del prezzo. <\/span><br \/><span>&#8211; Cancellazione tra 24 e 72 ore prima della partenza: 75%.<\/span><br \/><span>&#8211; Cancellazione tra 72 ore e 7 giorni prima della partenza: 50%. <\/span><br \/><span>&#8211; Cancellazione tra 7 e 14 giorni prima della partenza: 30%.<\/span><br \/><span>&#8211; Cancellazione tra 14 e 59 giorni prima della partenza: 10%.<\/span><br \/><span>&#8211; Cancellazione oltre 60 giorni prima della partenza: gratuita.<\/span><\/p>\n<p>[\/et_pb_text][\/et_pb_column][\/et_pb_row][\/et_pb_section]<\/p>\n","protected":false},"excerpt":{"rendered":"<p><div class=\"et_pb_module lwp_divi_breadcrumbs lwp_divi_breadcrumbs_0\">\n\t\t\t\t\n\t\t\t\t\n\t\t\t\t\n\t\t\t\t\n\t\t\t\t\n\t\t\t\t\n\t\t\t\t<div class=\"et_pb_module_inner\">\n\t\t\t\t\t<div class=\"lwp-breadcrumbs\"> <span class=\"before\"><\/span> <span vocab=\"https:\/\/schema.org\/\" typeof=\"BreadcrumbList\"><span property=\"itemListElement\" typeof=\"ListItem\"><a property=\"item\" typeof=\"WebPage\" href=\"https:\/\/test.etnaway.com\/it\/\" class=\"home\"><span property=\"name\">Home<\/span><\/a><meta property=\"position\" content=\"1\"><\/span> <span class=\"separator et-pb-icon\">&amp;#x39;<\/span> <\/span><\/div>\n\t\t\t\t<\/div>\n\t\t\t<\/div>Disposizioni generali per i contratti di vendita di singoli servizi turistici I contratti che hanno per oggetto solo un servizio di viaggio, solo un servizio di trasporto, solo un servizio di alloggio o un altro servizio turistico separato non configurabile come fattispecie negoziata [&hellip;]<\/p>\n","protected":false},"author":1,"featured_media":0,"parent":0,"menu_order":0,"comment_status":"closed","ping_status":"closed","template":"","meta":{"_et_pb_use_builder":"on","_et_pb_old_content":"","_et_gb_content_width":"","inline_featured_image":false,"_joinchat":[],"footnotes":""},"dipi_cpt_category":[],"class_list":["post-23160","page","type-page","status-publish","hentry"],"_links":{"self":[{"href":"https:\/\/test.etnaway.com\/it\/wp-json\/wp\/v2\/pages\/23160","targetHints":{"allow":["GET"]}}],"collection":[{"href":"https:\/\/test.etnaway.com\/it\/wp-json\/wp\/v2\/pages"}],"about":[{"href":"https:\/\/test.etnaway.com\/it\/wp-json\/wp\/v2\/types\/page"}],"author":[{"embeddable":true,"href":"https:\/\/test.etnaway.com\/it\/wp-json\/wp\/v2\/users\/1"}],"replies":[{"embeddable":true,"href":"https:\/\/test.etnaway.com\/it\/wp-json\/wp\/v2\/comments?post=23160"}],"version-history":[{"count":2,"href":"https:\/\/test.etnaway.com\/it\/wp-json\/wp\/v2\/pages\/23160\/revisions"}],"predecessor-version":[{"id":23162,"href":"https:\/\/test.etnaway.com\/it\/wp-json\/wp\/v2\/pages\/23160\/revisions\/23162"}],"wp:attachment":[{"href":"https:\/\/test.etnaway.com\/it\/wp-json\/wp\/v2\/media?parent=23160"}],"wp:term":[{"taxonomy":"dipi_cpt_category","embeddable":true,"href":"https:\/\/test.etnaway.com\/it\/wp-json\/wp\/v2\/dipi_cpt_category?post=23160"}],"curies":[{"name":"wp","href":"https:\/\/api.w.org\/{rel}","templated":true}]}}